{"id":225,"date":"2025-03-01T19:13:55","date_gmt":"2025-03-01T19:13:55","guid":{"rendered":"https:\/\/no1-weddings-mallorca.com\/?page_id=225"},"modified":"2025-03-01T19:16:03","modified_gmt":"2025-03-01T19:16:03","slug":"datenschutz","status":"publish","type":"page","link":"https:\/\/no1-weddings-mallorca.com\/de\/datenschutz\/","title":{"rendered":"Datenschutz"},"content":{"rendered":"<p>[et_pb_section fb_built=&#8220;1&#8243; admin_label=&#8220;Page Title Section&#8220; _builder_version=&#8220;4.27.4&#8243; use_background_color_gradient=&#8220;on&#8220; background_color_gradient_direction=&#8220;120deg&#8220; background_color_gradient_stops=&#8220;#000000 0%|rgba(0,0,0,0) 100%&#8220; background_color_gradient_overlays_image=&#8220;on&#8220; background_color_gradient_start=&#8220;#000000&#8243; background_color_gradient_end=&#8220;rgba(0,0,0,0)&#8220; background_image=&#8220;https:\/\/no1-weddings-mallorca.com\/wp-content\/uploads\/2025\/02\/port-soller-mallorca-wedding-scaled.jpg&#8220; custom_padding=&#8220;110px||110px|&#8220; global_colors_info=&#8220;{}&#8220; theme_builder_area=&#8220;post_content&#8220;][\/et_pb_section][et_pb_section fb_built=&#8220;1&#8243; admin_label=&#8220;About Us Section&#8220; _builder_version=&#8220;4.16&#8243; background_color=&#8220;#efe9e4&#8243; min_height=&#8220;509.3px&#8220; custom_padding=&#8220;45px||100px|||&#8220; global_colors_info=&#8220;{}&#8220; theme_builder_area=&#8220;post_content&#8220;][et_pb_row admin_label=&#8220;About Us Area&#8220; _builder_version=&#8220;4.16&#8243; global_colors_info=&#8220;{}&#8220; theme_builder_area=&#8220;post_content&#8220;][et_pb_column type=&#8220;4_4&#8243; _builder_version=&#8220;4.16&#8243; custom_padding=&#8220;|||&#8220; global_colors_info=&#8220;{}&#8220; custom_padding__hover=&#8220;|||&#8220; theme_builder_area=&#8220;post_content&#8220;][et_pb_text admin_label=&#8220;Title&#8220; _builder_version=&#8220;4.27.4&#8243; text_font=&#8220;||||||||&#8220; header_font=&#8220;||||||||&#8220; header_2_font=&#8220;Poppins|600|||||||&#8220; header_2_text_align=&#8220;center&#8220; header_2_font_size=&#8220;36px&#8220; header_2_line_height=&#8220;1.2em&#8220; max_width=&#8220;525px&#8220; module_alignment=&#8220;center&#8220; custom_margin=&#8220;||0px|&#8220; animation_style=&#8220;fade&#8220; hover_enabled=&#8220;0&#8243; global_colors_info=&#8220;{}&#8220; theme_builder_area=&#8220;post_content&#8220; sticky_enabled=&#8220;0&#8243;]<\/p>\n<h2>Datenschutz<\/h2>\n<p>[\/et_pb_text][et_pb_divider color=&#8220;#fdb467&#8243; divider_position=&#8220;center&#8220; divider_weight=&#8220;3px&#8220; _builder_version=&#8220;4.16&#8243; max_width=&#8220;50px&#8220; module_alignment=&#8220;center&#8220; custom_margin=&#8220;|||&#8220; animation_style=&#8220;slide&#8220; animation_direction=&#8220;top&#8220; animation_intensity_slide=&#8220;10%&#8220; animation_starting_opacity=&#8220;100%&#8220; global_colors_info=&#8220;{}&#8220; theme_builder_area=&#8220;post_content&#8220;][\/et_pb_divider][et_pb_text _builder_version=&#8220;4.27.4&#8243; text_font=&#8220;Poppins||||||||&#8220; text_font_size=&#8220;18px&#8220; text_line_height=&#8220;1.8em&#8220; text_orientation=&#8220;center&#8220; max_width=&#8220;750px&#8220; module_alignment=&#8220;center&#8220; custom_margin=&#8220;|||&#8220; custom_padding=&#8220;|||&#8220; animation_style=&#8220;fade&#8220; hover_enabled=&#8220;0&#8243; global_colors_info=&#8220;{}&#8220; theme_builder_area=&#8220;post_content&#8220; sticky_enabled=&#8220;0&#8243;]<\/p>\n<p data-start=\"182\" data-end=\"206\" style=\"text-align: left;\"><strong data-start=\"182\" data-end=\"206\">Datenschutzerkl\u00e4rung<\/strong><\/p>\n<p data-start=\"208\" data-end=\"390\" style=\"text-align: left;\">Wir freuen uns \u00fcber Ihr Interesse an unserer Website. Der Schutz Ihrer Privatsph\u00e4re ist uns sehr wichtig. Nachfolgend informieren wir Sie ausf\u00fchrlich \u00fcber den Umgang mit Ihren Daten.<\/p>\n<h3 data-start=\"392\" data-end=\"441\" style=\"text-align: left;\">1. Verantwortlicher f\u00fcr die Datenverarbeitung<\/h3>\n<p data-start=\"443\" data-end=\"558\" style=\"text-align: left;\">Verantwortlicher f\u00fcr die Datenverarbeitung auf dieser Website im Sinne der Datenschutz-Grundverordnung (DSGVO) ist:<\/p>\n<p data-start=\"560\" data-end=\"660\" style=\"text-align: left;\"><strong data-start=\"560\" data-end=\"585\">No1 Weddings Mallorca<\/strong><br data-start=\"585\" data-end=\"588\" \/>Inhaber: Klaus Reiher<br data-start=\"609\" data-end=\"612\" \/>Carrer Niu d&#8217;Aguiles 22<br data-start=\"635\" data-end=\"638\" \/>07196 Calvi\u00e1<br data-start=\"650\" data-end=\"653\" \/>Spanien<\/p>\n<p data-start=\"662\" data-end=\"730\" style=\"text-align: left;\">Telefon: +34 697 345 948<br data-start=\"686\" data-end=\"689\" \/>E-Mail: <a data-start=\"697\" data-end=\"730\" rel=\"noopener\">welcome@no1-weddings-mallorca.com<\/a><\/p>\n<h3 data-start=\"732\" data-end=\"824\" style=\"text-align: left;\">2. Erhebung und Speicherung personenbezogener Daten sowie Art und Zweck ihrer Verwendung<\/h3>\n<p data-start=\"826\" data-end=\"987\" style=\"text-align: left;\">Wenn Sie unsere Website besuchen, erheben wir verschiedene Daten, um den Betrieb der Website zu erm\u00f6glichen und Ihnen die Nutzung unserer Dienste zu erm\u00f6glichen.<\/p>\n<h4 data-start=\"989\" data-end=\"1015\" style=\"text-align: left;\">a) Besuch der Website<\/h4>\n<p data-start=\"1017\" data-end=\"1365\" style=\"text-align: left;\">Beim Aufrufen unserer Website werden durch den auf Ihrem Endger\u00e4t zum Einsatz kommenden Browser automatisch Informationen an den Server unserer Website gesendet. Diese Informationen werden tempor\u00e4r in einem sogenannten Logfile gespeichert. Folgende Informationen werden dabei ohne Ihr Zutun erfasst und bis zur automatisierten L\u00f6schung gespeichert:<\/p>\n<ul data-start=\"1367\" data-end=\"1635\" style=\"text-align: left;\">\n<li data-start=\"1367\" data-end=\"1404\">IP-Adresse des anfragenden Rechners<\/li>\n<li data-start=\"1405\" data-end=\"1437\">Datum und Uhrzeit des Zugriffs<\/li>\n<li data-start=\"1438\" data-end=\"1474\">Name und URL der abgerufenen Datei<\/li>\n<li data-start=\"1475\" data-end=\"1532\">Website, von der aus der Zugriff erfolgt (Referrer-URL)<\/li>\n<li data-start=\"1533\" data-end=\"1635\">verwendeter Browser und ggf. das Betriebssystem Ihres Rechners sowie der Name Ihres Access-Providers<\/li>\n<\/ul>\n<p data-start=\"1637\" data-end=\"1697\" style=\"text-align: left;\">Die genannten Daten werden zu folgenden Zwecken verarbeitet:<\/p>\n<ul data-start=\"1699\" data-end=\"1914\" style=\"text-align: left;\">\n<li data-start=\"1699\" data-end=\"1766\">Gew\u00e4hrleistung eines reibungslosen Verbindungsaufbaus der Website<\/li>\n<li data-start=\"1767\" data-end=\"1826\">Gew\u00e4hrleistung einer komfortablen Nutzung unserer Website<\/li>\n<li data-start=\"1827\" data-end=\"1876\">Auswertung der Systemsicherheit und -stabilit\u00e4t<\/li>\n<li data-start=\"1877\" data-end=\"1914\">Zu weiteren administrativen Zwecken<\/li>\n<\/ul>\n<p data-start=\"1916\" data-end=\"2036\" style=\"text-align: left;\">Die Rechtsgrundlage f\u00fcr die Verarbeitung dieser Daten ist unser berechtigtes Interesse gem\u00e4\u00df Art. 6 Abs. 1 lit. f DSGVO.<\/p>\n<h4 data-start=\"2038\" data-end=\"2053\" style=\"text-align: left;\">b) Cookies<\/h4>\n<p data-start=\"2055\" data-end=\"2343\" style=\"text-align: left;\">Unsere Website verwendet Cookies. Dabei handelt es sich um kleine Textdateien, die auf Ihrem Endger\u00e4t gespeichert werden, um die Nutzung unserer Website zu erm\u00f6glichen. Diese Cookies speichern Informationen, die durch den Browser bei einem sp\u00e4teren Besuch wieder ausgelesen werden k\u00f6nnen.<\/p>\n<p data-start=\"2345\" data-end=\"2624\" style=\"text-align: left;\">Einige der von uns verwendeten Cookies sind sogenannte Session-Cookies, die nach Ende Ihres Besuchs wieder gel\u00f6scht werden. Andere Cookies verbleiben auf Ihrem Endger\u00e4t, bis Sie diese l\u00f6schen. Diese Cookies erm\u00f6glichen es uns, Ihren Browser beim n\u00e4chsten Besuch wiederzuerkennen.<\/p>\n<p data-start=\"2626\" data-end=\"2872\" style=\"text-align: left;\">Sie k\u00f6nnen die Speicherung von Cookies durch eine entsprechende Einstellung Ihrer Browser-Software verhindern. Wir weisen jedoch darauf hin, dass Sie in diesem Fall gegebenenfalls nicht alle Funktionen dieser Website vollumf\u00e4nglich nutzen k\u00f6nnen.<\/p>\n<p data-start=\"2874\" data-end=\"2982\" style=\"text-align: left;\">Die Rechtsgrundlage f\u00fcr die Verarbeitung von Cookies ist Ihre Einwilligung gem\u00e4\u00df Art. 6 Abs. 1 lit. a DSGVO.<\/p>\n<h3 data-start=\"2984\" data-end=\"3007\" style=\"text-align: left;\">3. Google Analytics<\/h3>\n<p data-start=\"3009\" data-end=\"3399\" style=\"text-align: left;\">Diese Website benutzt Google Analytics, einen Webanalysedienst der Google LLC (\u201eGoogle\u201c). Google Analytics verwendet Cookies, die auf Ihrem Computer gespeichert werden und eine Analyse der Nutzung der Website erm\u00f6glichen. Die durch den Cookie erzeugten Informationen \u00fcber Ihre Nutzung dieser Website werden in der Regel an einen Server von Google in den USA \u00fcbertragen und dort gespeichert.<\/p>\n<p data-start=\"3401\" data-end=\"3772\" style=\"text-align: left;\">Im Falle der Aktivierung der IP-Anonymisierung auf dieser Website wird Ihre IP-Adresse jedoch von Google innerhalb von Mitgliedstaaten der Europ\u00e4ischen Union oder in anderen Vertragsstaaten des Abkommens \u00fcber den Europ\u00e4ischen Wirtschaftsraum zuvor gek\u00fcrzt. Nur in Ausnahmef\u00e4llen wird die volle IP-Adresse an einen Server von Google in den USA \u00fcbertragen und dort gek\u00fcrzt.<\/p>\n<p data-start=\"3774\" data-end=\"4053\" style=\"text-align: left;\">Im Auftrag des Betreibers dieser Website wird Google diese Informationen benutzen, um Ihre Nutzung der Website auszuwerten, Reports \u00fcber die Website-Aktivit\u00e4ten zusammenzustellen und weitere mit der Websitenutzung und der Internetnutzung verbundene Dienstleistungen zu erbringen.<\/p>\n<p data-start=\"4055\" data-end=\"4198\" style=\"text-align: left;\">Die IP-Adresse, die von Ihrem Browser im Rahmen von Google Analytics \u00fcbermittelt wird, wird nicht mit anderen Daten von Google zusammengef\u00fchrt.<\/p>\n<p data-start=\"4200\" data-end=\"4863\" style=\"text-align: left;\">Sie k\u00f6nnen die Speicherung der Cookies durch eine entsprechende Einstellung Ihrer Browser-Software verhindern; wir weisen Sie jedoch darauf hin, dass Sie in diesem Fall gegebenenfalls nicht alle Funktionen dieser Website vollumf\u00e4nglich nutzen k\u00f6nnen. Dar\u00fcber hinaus k\u00f6nnen Sie die Erfassung der durch das Cookie erzeugten und auf Ihre Nutzung der Website bezogenen Daten (inkl. Ihrer IP-Adresse) an Google sowie die Verarbeitung dieser Daten durch Google verhindern, indem Sie das unter dem folgenden Link verf\u00fcgbare Browser-Plugin herunterladen und installieren:<br data-start=\"4763\" data-end=\"4766\" \/><a rel=\"noopener\" target=\"_new\" data-start=\"4766\" data-end=\"4862\">https:\/\/tools.google.com\/dlpage\/gaoptout?hl=de<\/a>.<\/p>\n<p data-start=\"4865\" data-end=\"4977\" style=\"text-align: left;\">Die Rechtsgrundlage f\u00fcr die Nutzung von Google Analytics ist Ihre Einwilligung gem\u00e4\u00df Art. 6 Abs. 1 lit. a DSGVO.<\/p>\n<h3 data-start=\"4979\" data-end=\"5007\" style=\"text-align: left;\">4. Google Search Console<\/h3>\n<p data-start=\"5009\" data-end=\"5287\" style=\"text-align: left;\">Wir nutzen die Google Search Console, um die Leistung unserer Website in den Google-Suchergebnissen zu \u00fcberwachen und zu analysieren. Diese Analysetools verwenden Cookies und sammeln unter anderem Daten zur Suchanfragen und zur Darstellung der Website in Google-Suchergebnissen.<\/p>\n<p data-start=\"5289\" data-end=\"5482\" style=\"text-align: left;\">Die von der Google Search Console gesammelten Daten werden zur Verbesserung der Sichtbarkeit und des Rankings unserer Website verwendet, jedoch werden keine personenbezogenen Daten verarbeitet.<\/p>\n<p data-start=\"5484\" data-end=\"5673\" style=\"text-align: left;\">Die Rechtsgrundlage f\u00fcr die Nutzung der Google Search Console ist unser berechtigtes Interesse gem\u00e4\u00df Art. 6 Abs. 1 lit. f DSGVO, die Sichtbarkeit und Leistung unserer Website zu verbessern.<\/p>\n<h3 data-start=\"5675\" data-end=\"5691\" style=\"text-align: left;\">5. Instagram<\/h3>\n<p data-start=\"5693\" data-end=\"5967\" style=\"text-align: left;\">Auf unserer Website sind Links zu unserem Instagram-Profil integriert. Wenn Sie diesen Link anklicken, werden Sie auf unsere Instagram-Seite weitergeleitet. Wenn Sie sich in Ihrem Instagram-Konto eingeloggt haben, wird Instagram diese Information mit Ihrem Konto verkn\u00fcpfen.<\/p>\n<p data-start=\"5969\" data-end=\"6281\" style=\"text-align: left;\">Durch den Klick auf den Instagram-Link werden Daten an Instagram \u00fcbermittelt. Welche Daten genau \u00fcbermittelt werden, richtet sich nach den Datenschutzhinweisen von Instagram, die Sie unter folgendem Link einsehen k\u00f6nnen:<br data-start=\"6189\" data-end=\"6192\" \/><a rel=\"noopener\" target=\"_new\" data-start=\"6192\" data-end=\"6280\" href=\"https:\/\/help.instagram.com\/155833707900388\">https:\/\/help.instagram.com\/155833707900388<\/a>.<\/p>\n<p data-start=\"6283\" data-end=\"6405\" style=\"text-align: left;\">Die Rechtsgrundlage f\u00fcr die Verarbeitung von Daten durch Instagram ist Ihre Einwilligung gem\u00e4\u00df Art. 6 Abs. 1 lit. a DSGVO.<\/p>\n<h3 data-start=\"6407\" data-end=\"6425\" style=\"text-align: left;\">6. Ihre Rechte<\/h3>\n<p data-start=\"6427\" data-end=\"6447\" style=\"text-align: left;\">Sie haben das Recht:<\/p>\n<ul data-start=\"6449\" data-end=\"7042\" style=\"text-align: left;\">\n<li data-start=\"6449\" data-end=\"6518\">gem\u00e4\u00df Art. 7 Abs. 3 DSGVO Ihre Einwilligung jederzeit zu widerrufen<\/li>\n<li data-start=\"6519\" data-end=\"6595\">gem\u00e4\u00df Art. 15 DSGVO Auskunft \u00fcber Ihre personenbezogenen Daten zu erhalten<\/li>\n<li data-start=\"6596\" data-end=\"6702\">gem\u00e4\u00df Art. 16 DSGVO die Berichtigung unrichtiger oder vollst\u00e4ndiger personenbezogener Daten zu verlangen<\/li>\n<li data-start=\"6703\" data-end=\"6780\">gem\u00e4\u00df Art. 17 DSGVO die L\u00f6schung Ihrer personenbezogenen Daten zu verlangen<\/li>\n<li data-start=\"6781\" data-end=\"6864\">gem\u00e4\u00df Art. 18 DSGVO die Verarbeitung Ihrer personenbezogenen Daten einzuschr\u00e4nken<\/li>\n<li data-start=\"6865\" data-end=\"6944\">gem\u00e4\u00df Art. 20 DSGVO die \u00dcbertragung Ihrer personenbezogenen Daten zu erhalten<\/li>\n<li data-start=\"6945\" data-end=\"7042\">gem\u00e4\u00df Art. 21 DSGVO Widerspruch gegen die Verarbeitung Ihrer personenbezogenen Daten einzulegen<\/li>\n<\/ul>\n<p data-start=\"7044\" data-end=\"7140\" style=\"text-align: left;\">F\u00fcr die Aus\u00fcbung dieser Rechte k\u00f6nnen Sie uns unter den oben angegebenen Kontaktdaten erreichen.<\/p>\n<h3 data-start=\"7142\" data-end=\"7194\" style=\"text-align: left;\">7. Recht auf Beschwerde bei der Aufsichtsbeh\u00f6rde<\/h3>\n<p data-start=\"7196\" data-end=\"7385\" style=\"text-align: left;\">Sie haben zudem das Recht, sich bei einer Datenschutzaufsichtsbeh\u00f6rde zu beschweren, wenn Sie der Ansicht sind, dass die Verarbeitung Ihrer personenbezogenen Daten gegen die DSGVO verst\u00f6\u00dft.<\/p>\n<h3 data-start=\"7387\" data-end=\"7429\" style=\"text-align: left;\">8. \u00c4nderungen der Datenschutzerkl\u00e4rung<\/h3>\n<p data-start=\"7431\" data-end=\"7627\" style=\"text-align: left;\">Wir behalten uns vor, diese Datenschutzerkl\u00e4rung jederzeit zu \u00e4ndern, um sie an neue gesetzliche Vorgaben oder \u00c4nderungen unserer Dienstleistungen anzupassen. Es gilt die jeweils aktuelle Version.<\/p>\n<p>[\/et_pb_text][\/et_pb_column][\/et_pb_row][\/et_pb_section]<\/p>\n","protected":false},"excerpt":{"rendered":"<p>DatenschutzDatenschutzerkl\u00e4rung Wir freuen uns \u00fcber Ihr Interesse an unserer Website. Der Schutz Ihrer Privatsph\u00e4re ist uns sehr wichtig. Nachfolgend informieren wir Sie ausf\u00fchrlich \u00fcber den Umgang mit Ihren Daten. 1. Verantwortlicher f\u00fcr die Datenverarbeitung Verantwortlicher f\u00fcr die Datenverarbeitung auf dieser Website im Sinne der Datenschutz-Grundverordnung (DSGVO) ist: No1 Weddings MallorcaInhaber: Klaus ReiherCarrer Niu d&#8217;Aguiles 2207196 [&hellip;]<\/p>\n","protected":false},"author":2,"featured_media":0,"parent":0,"menu_order":0,"comment_status":"closed","ping_status":"closed","template":"","meta":{"_et_pb_use_builder":"on","_et_pb_old_content":"","_et_gb_content_width":"","footnotes":""},"class_list":["post-225","page","type-page","status-publish","hentry"],"_links":{"self":[{"href":"https:\/\/no1-weddings-mallorca.com\/de\/wp-json\/wp\/v2\/pages\/225","targetHints":{"allow":["GET"]}}],"collection":[{"href":"https:\/\/no1-weddings-mallorca.com\/de\/wp-json\/wp\/v2\/pages"}],"about":[{"href":"https:\/\/no1-weddings-mallorca.com\/de\/wp-json\/wp\/v2\/types\/page"}],"author":[{"embeddable":true,"href":"https:\/\/no1-weddings-mallorca.com\/de\/wp-json\/wp\/v2\/users\/2"}],"replies":[{"embeddable":true,"href":"https:\/\/no1-weddings-mallorca.com\/de\/wp-json\/wp\/v2\/comments?post=225"}],"version-history":[{"count":3,"href":"https:\/\/no1-weddings-mallorca.com\/de\/wp-json\/wp\/v2\/pages\/225\/revisions"}],"predecessor-version":[{"id":229,"href":"https:\/\/no1-weddings-mallorca.com\/de\/wp-json\/wp\/v2\/pages\/225\/revisions\/229"}],"wp:attachment":[{"href":"https:\/\/no1-weddings-mallorca.com\/de\/wp-json\/wp\/v2\/media?parent=225"}],"curies":[{"name":"wp","href":"https:\/\/api.w.org\/{rel}","templated":true}]}}